{"id":2916,"date":"2022-03-14T10:06:30","date_gmt":"2022-03-14T10:06:30","guid":{"rendered":"https:\/\/beimkathrein.at\/booking\/"},"modified":"2022-04-27T06:33:14","modified_gmt":"2022-04-27T06:33:14","slug":"booking","status":"publish","type":"page","link":"https:\/\/beimkathrein.at\/en\/booking\/","title":{"rendered":"Booking"},"content":{"rendered":"\t\t<div data-elementor-type=\"wp-page\" data-elementor-id=\"2916\" class=\"elementor elementor-2916 elementor-1001\" data-elementor-post-type=\"page\">\n\t\t\t\t\t\t<section class=\"elementor-section elementor-top-section elementor-element elementor-element-40494667 elementor-section-height-min-height elementor-section-boxed elementor-section-height-default elementor-section-items-middle\" data-id=\"40494667\" data-element_type=\"section\" data-e-type=\"section\" data-settings=\"{&quot;background_background&quot;:&quot;slideshow&quot;,&quot;background_slideshow_gallery&quot;:[{&quot;id&quot;:1390,&quot;url&quot;:&quot;https:\\\/\\\/beimkathrein.at\\\/wp-content\\\/uploads\\\/2022\\\/03\\\/BeimKathrein-Deko-04.jpg&quot;}],&quot;background_slideshow_ken_burns&quot;:&quot;yes&quot;,&quot;background_slideshow_loop&quot;:&quot;yes&quot;,&quot;background_slideshow_slide_duration&quot;:5000,&quot;background_slideshow_slide_transition&quot;:&quot;fade&quot;,&quot;background_slideshow_transition_duration&quot;:500,&quot;background_slideshow_ken_burns_zoom_direction&quot;:&quot;in&quot;}\">\n\t\t\t\t\t\t<div class=\"elementor-container elementor-column-gap-default\">\n\t\t\t\t\t<div class=\"elementor-column elementor-col-100 elementor-top-column elementor-element elementor-element-64b3726\" data-id=\"64b3726\" data-element_type=\"column\" data-e-type=\"column\">\n\t\t\t<div class=\"elementor-widget-wrap\">\n\t\t\t\t\t\t\t<\/div>\n\t\t<\/div>\n\t\t\t\t\t<\/div>\n\t\t<\/section>\n\t\t\t\t<section class=\"elementor-section elementor-top-section elementor-element elementor-element-ef27347 elementor-section-full_width elementor-section-height-default elementor-section-height-default\" data-id=\"ef27347\" data-element_type=\"section\" data-e-type=\"section\" data-settings=\"{&quot;background_background&quot;:&quot;classic&quot;}\">\n\t\t\t\t\t\t<div class=\"elementor-container elementor-column-gap-default\">\n\t\t\t\t\t<div class=\"elementor-column elementor-col-100 elementor-top-column elementor-element elementor-element-e2c6d58\" data-id=\"e2c6d58\" data-element_type=\"column\" data-e-type=\"column\">\n\t\t\t<div class=\"elementor-widget-wrap elementor-element-populated\">\n\t\t\t\t\t\t<div class=\"elementor-element elementor-element-75f7670 elementor-widget elementor-widget-html\" data-id=\"75f7670\" data-element_type=\"widget\" data-e-type=\"widget\" data-widget_type=\"html.default\">\n\t\t\t\t<div class=\"elementor-widget-container\">\n\t\t\t\t\t<script>\r\n\t\t\twindow.dw = window.dw || function () { (dw.q = dw.q || []).push(arguments) };\r\n\t\t\tdw(\r\n\t\t\t\t'settings',\r\n\t\t\t\t'87dc1cd3-6bbb-4787-9fb6-a3d438f0f657',\r\n\t\t\t\t{\r\n\t\t\t\t\t\"context\": {\r\n\t\t\t\t\t\t\"serviceIds\": [],\r\n\t\t\t\t\t\t\"productIds\": []\r\n\t\t\t\t\t},\r\n\t\t\t\t\t\"lang\": 'en'\r\n\t\t\t\t}\r\n\t\t\t);\r\n\t\t<\/script>\r\n\t\t<script async src=\"https:\/\/web5.deskline.net\/start\/ACCOISCHGL\/87dc1cd3-6bbb-4787-9fb6-a3d438f0f657\/index.js\"><\/script>\t\t\t\t<\/div>\n\t\t\t\t<\/div>\n\t\t\t\t\t<\/div>\n\t\t<\/div>\n\t\t\t\t\t<\/div>\n\t\t<\/section>\n\t\t\t\t<\/div>\n\t\t","protected":false},"excerpt":{"rendered":"","protected":false},"author":2,"featured_media":0,"parent":0,"menu_order":12,"comment_status":"closed","ping_status":"closed","template":"","meta":{"footnotes":""},"class_list":["post-2916","page","type-page","status-publish","hentry"],"yoast_head":"<!-- This site is optimized with the Yoast SEO plugin v27.6 - https:\/\/yoast.com\/product\/yoast-seo-wordpress\/ -->\n<title>Beim Kathrein | Bed &amp; Breakfast | Apartments | Galt\u00fcr | Booking<\/title>\n<meta name=\"description\" content=\"Our bed and breakfast is located only 3 minutes walk from the center of Galt\u00fcr and offers the perfect starting point for your vacation Galt\u00fcr!\" \/>\n<meta name=\"robots\" content=\"index, follow, max-snippet:-1, max-image-preview:large, max-video-preview:-1\" \/>\n<link rel=\"canonical\" href=\"https:\/\/beimkathrein.at\/en\/booking\/\" \/>\n<meta property=\"og:locale\" content=\"en_US\" \/>\n<meta property=\"og:type\" content=\"article\" \/>\n<meta property=\"og:title\" content=\"Beim Kathrein | Bed &amp; Breakfast | Apartments | Galt\u00fcr | Booking\" \/>\n<meta property=\"og:description\" content=\"Our bed and breakfast is located only 3 minutes walk from the center of Galt\u00fcr and offers the perfect starting point for your vacation Galt\u00fcr!\" \/>\n<meta property=\"og:url\" content=\"https:\/\/beimkathrein.at\/en\/booking\/\" \/>\n<meta property=\"og:site_name\" content=\"Beim Kathrein\" \/>\n<meta property=\"article:modified_time\" content=\"2022-04-27T06:33:14+00:00\" \/>\n<meta name=\"twitter:card\" content=\"summary_large_image\" \/>\n<script type=\"application\/ld+json\" class=\"yoast-schema-graph\">{\"@context\":\"https:\\\/\\\/schema.org\",\"@graph\":[{\"@type\":\"WebPage\",\"@id\":\"https:\\\/\\\/beimkathrein.at\\\/en\\\/booking\\\/\",\"url\":\"https:\\\/\\\/beimkathrein.at\\\/en\\\/booking\\\/\",\"name\":\"Beim Kathrein | Bed & Breakfast | Apartments | Galt\u00fcr | Booking\",\"isPartOf\":{\"@id\":\"https:\\\/\\\/beimkathrein.at\\\/en\\\/#website\"},\"datePublished\":\"2022-03-14T10:06:30+00:00\",\"dateModified\":\"2022-04-27T06:33:14+00:00\",\"description\":\"Our bed and breakfast is located only 3 minutes walk from the center of Galt\u00fcr and offers the perfect starting point for your vacation Galt\u00fcr!\",\"breadcrumb\":{\"@id\":\"https:\\\/\\\/beimkathrein.at\\\/en\\\/booking\\\/#breadcrumb\"},\"inLanguage\":\"en-US\",\"potentialAction\":[{\"@type\":\"ReadAction\",\"target\":[\"https:\\\/\\\/beimkathrein.at\\\/en\\\/booking\\\/\"]}]},{\"@type\":\"BreadcrumbList\",\"@id\":\"https:\\\/\\\/beimkathrein.at\\\/en\\\/booking\\\/#breadcrumb\",\"itemListElement\":[{\"@type\":\"ListItem\",\"position\":1,\"name\":\"Startseite\",\"item\":\"https:\\\/\\\/beimkathrein.at\\\/en\\\/\"},{\"@type\":\"ListItem\",\"position\":2,\"name\":\"Booking\"}]},{\"@type\":\"WebSite\",\"@id\":\"https:\\\/\\\/beimkathrein.at\\\/en\\\/#website\",\"url\":\"https:\\\/\\\/beimkathrein.at\\\/en\\\/\",\"name\":\"Beim Kathrein\",\"description\":\"Fr\u00fchst\u00fcckspension\",\"publisher\":{\"@id\":\"https:\\\/\\\/beimkathrein.at\\\/en\\\/#organization\"},\"potentialAction\":[{\"@type\":\"SearchAction\",\"target\":{\"@type\":\"EntryPoint\",\"urlTemplate\":\"https:\\\/\\\/beimkathrein.at\\\/en\\\/?s={search_term_string}\"},\"query-input\":{\"@type\":\"PropertyValueSpecification\",\"valueRequired\":true,\"valueName\":\"search_term_string\"}}],\"inLanguage\":\"en-US\"},{\"@type\":\"Organization\",\"@id\":\"https:\\\/\\\/beimkathrein.at\\\/en\\\/#organization\",\"name\":\"Beim Kathrein\",\"url\":\"https:\\\/\\\/beimkathrein.at\\\/en\\\/\",\"logo\":{\"@type\":\"ImageObject\",\"inLanguage\":\"en-US\",\"@id\":\"https:\\\/\\\/beimkathrein.at\\\/en\\\/#\\\/schema\\\/logo\\\/image\\\/\",\"url\":\"https:\\\/\\\/beimkathrein.at\\\/wp-content\\\/uploads\\\/2022\\\/03\\\/Logo-BeimKathrein-final-weiss_Zeichenflaeche-1.png\",\"contentUrl\":\"https:\\\/\\\/beimkathrein.at\\\/wp-content\\\/uploads\\\/2022\\\/03\\\/Logo-BeimKathrein-final-weiss_Zeichenflaeche-1.png\",\"width\":2500,\"height\":1667,\"caption\":\"Beim Kathrein\"},\"image\":{\"@id\":\"https:\\\/\\\/beimkathrein.at\\\/en\\\/#\\\/schema\\\/logo\\\/image\\\/\"}}]}<\/script>\n<!-- \/ Yoast SEO plugin. -->","yoast_head_json":{"title":"Beim Kathrein | Bed & Breakfast | Apartments | Galt\u00fcr | Booking","description":"Our bed and breakfast is located only 3 minutes walk from the center of Galt\u00fcr and offers the perfect starting point for your vacation Galt\u00fcr!","robots":{"index":"index","follow":"follow","max-snippet":"max-snippet:-1","max-image-preview":"max-image-preview:large","max-video-preview":"max-video-preview:-1"},"canonical":"https:\/\/beimkathrein.at\/en\/booking\/","og_locale":"en_US","og_type":"article","og_title":"Beim Kathrein | Bed & Breakfast | Apartments | Galt\u00fcr | Booking","og_description":"Our bed and breakfast is located only 3 minutes walk from the center of Galt\u00fcr and offers the perfect starting point for your vacation Galt\u00fcr!","og_url":"https:\/\/beimkathrein.at\/en\/booking\/","og_site_name":"Beim Kathrein","article_modified_time":"2022-04-27T06:33:14+00:00","twitter_card":"summary_large_image","schema":{"@context":"https:\/\/schema.org","@graph":[{"@type":"WebPage","@id":"https:\/\/beimkathrein.at\/en\/booking\/","url":"https:\/\/beimkathrein.at\/en\/booking\/","name":"Beim Kathrein | Bed & Breakfast | Apartments | Galt\u00fcr | Booking","isPartOf":{"@id":"https:\/\/beimkathrein.at\/en\/#website"},"datePublished":"2022-03-14T10:06:30+00:00","dateModified":"2022-04-27T06:33:14+00:00","description":"Our bed and breakfast is located only 3 minutes walk from the center of Galt\u00fcr and offers the perfect starting point for your vacation Galt\u00fcr!","breadcrumb":{"@id":"https:\/\/beimkathrein.at\/en\/booking\/#breadcrumb"},"inLanguage":"en-US","potentialAction":[{"@type":"ReadAction","target":["https:\/\/beimkathrein.at\/en\/booking\/"]}]},{"@type":"BreadcrumbList","@id":"https:\/\/beimkathrein.at\/en\/booking\/#breadcrumb","itemListElement":[{"@type":"ListItem","position":1,"name":"Startseite","item":"https:\/\/beimkathrein.at\/en\/"},{"@type":"ListItem","position":2,"name":"Booking"}]},{"@type":"WebSite","@id":"https:\/\/beimkathrein.at\/en\/#website","url":"https:\/\/beimkathrein.at\/en\/","name":"Beim Kathrein","description":"Fr\u00fchst\u00fcckspension","publisher":{"@id":"https:\/\/beimkathrein.at\/en\/#organization"},"potentialAction":[{"@type":"SearchAction","target":{"@type":"EntryPoint","urlTemplate":"https:\/\/beimkathrein.at\/en\/?s={search_term_string}"},"query-input":{"@type":"PropertyValueSpecification","valueRequired":true,"valueName":"search_term_string"}}],"inLanguage":"en-US"},{"@type":"Organization","@id":"https:\/\/beimkathrein.at\/en\/#organization","name":"Beim Kathrein","url":"https:\/\/beimkathrein.at\/en\/","logo":{"@type":"ImageObject","inLanguage":"en-US","@id":"https:\/\/beimkathrein.at\/en\/#\/schema\/logo\/image\/","url":"https:\/\/beimkathrein.at\/wp-content\/uploads\/2022\/03\/Logo-BeimKathrein-final-weiss_Zeichenflaeche-1.png","contentUrl":"https:\/\/beimkathrein.at\/wp-content\/uploads\/2022\/03\/Logo-BeimKathrein-final-weiss_Zeichenflaeche-1.png","width":2500,"height":1667,"caption":"Beim Kathrein"},"image":{"@id":"https:\/\/beimkathrein.at\/en\/#\/schema\/logo\/image\/"}}]}},"_links":{"self":[{"href":"https:\/\/beimkathrein.at\/en\/wp-json\/wp\/v2\/pages\/2916","targetHints":{"allow":["GET"]}}],"collection":[{"href":"https:\/\/beimkathrein.at\/en\/wp-json\/wp\/v2\/pages"}],"about":[{"href":"https:\/\/beimkathrein.at\/en\/wp-json\/wp\/v2\/types\/page"}],"author":[{"embeddable":true,"href":"https:\/\/beimkathrein.at\/en\/wp-json\/wp\/v2\/users\/2"}],"replies":[{"embeddable":true,"href":"https:\/\/beimkathrein.at\/en\/wp-json\/wp\/v2\/comments?post=2916"}],"version-history":[{"count":1,"href":"https:\/\/beimkathrein.at\/en\/wp-json\/wp\/v2\/pages\/2916\/revisions"}],"predecessor-version":[{"id":2917,"href":"https:\/\/beimkathrein.at\/en\/wp-json\/wp\/v2\/pages\/2916\/revisions\/2917"}],"wp:attachment":[{"href":"https:\/\/beimkathrein.at\/en\/wp-json\/wp\/v2\/media?parent=2916"}],"curies":[{"name":"wp","href":"https:\/\/api.w.org\/{rel}","templated":true}]}}